{"id":107,"date":"2021-08-13T10:31:29","date_gmt":"2021-08-13T10:31:29","guid":{"rendered":"https:\/\/sistemascanariosdecontrol.com\/?page_id=107"},"modified":"2021-08-13T16:00:27","modified_gmt":"2021-08-13T16:00:27","slug":"quienes-somos-2","status":"publish","type":"page","link":"https:\/\/sistemascanariosdecontrol.com\/index.php\/quienes-somos-2\/","title":{"rendered":"QUIENES SOMOS"},"content":{"rendered":"\t\t<div data-elementor-type=\"wp-page\" data-elementor-id=\"107\" class=\"elementor elementor-107\" data-elementor-settings=\"[]\">\n\t\t\t\t\t\t\t<div class=\"elementor-section-wrap\">\n\t\t\t\t\t\t\t<section class=\"elementor-section elementor-top-section elementor-element elementor-element-d17cf47 elementor-section-boxed elementor-section-height-default elementor-section-height-default\" data-id=\"d17cf47\" data-element_type=\"section\">\n\t\t\t\t\t\t<div class=\"elementor-container elementor-column-gap-default\">\n\t\t\t\t\t<div class=\"elementor-column elementor-col-100 elementor-top-column elementor-element elementor-element-710f682\" data-id=\"710f682\" data-element_type=\"column\">\n\t\t\t<div class=\"elementor-widget-wrap elementor-element-populated\">\n\t\t\t\t\t\t\t\t<div class=\"elementor-element elementor-element-d97e22f elementor-widget elementor-widget-text-editor\" data-id=\"d97e22f\" data-element_type=\"widget\" data-widget_type=\"text-editor.default\">\n\t\t\t\t<div class=\"elementor-widget-container\">\n\t\t\t\t\t\t\t\t<h3 style=\"text-align:justify;\"><strong>Sistemas Canarios de Control es una empresa familiar fundada en Canarias dedicada a la distribuci\u00f3n y comercializaci\u00f3n de envases especializados para la hosteler\u00eda, el sector alimentario y el hotelero, as\u00ed como art\u00edculos de fiesta para ocasiones especiales.<\/strong><\/h3>\n<h3 style=\"text-align:justify;\"><strong>Contamos con m\u00e1s de 25 a\u00f1os de experiencia en el sector, siendo una de las empresas m\u00e1s competitivas, con una red de distribuci\u00f3n por todas las Islas Canarias.<\/strong><\/h3>\t\t\t\t\t\t<\/div>\n\t\t\t\t<\/div>\n\t\t\t\t\t<\/div>\n\t\t<\/div>\n\t\t\t\t\t\t\t<\/div>\n\t\t<\/section>\n\t\t\t\t\t\t<\/div>\n\t\t\t\t\t<\/div>\n\t\t","protected":false},"excerpt":{"rendered":"<p>Sistemas Canarios de Control es una empresa familiar fundada en Canarias dedicada a la distribuci\u00f3n y comercializaci\u00f3n de envases especializados para la hosteler\u00eda, el sector alimentario y el hotelero, as\u00ed como art\u00edculos de fiesta para ocasiones especiales. Contamos con m\u00e1s de 25 a\u00f1os de experiencia en el sector, siendo una de las empresas m\u00e1s competitivas,&hellip; <br \/> <a class=\"read-more\" href=\"https:\/\/sistemascanariosdecontrol.com\/index.php\/quienes-somos-2\/\">Leer m\u00e1s<\/a><\/p>\n","protected":false},"author":1,"featured_media":0,"parent":0,"menu_order":0,"comment_status":"closed","ping_status":"closed","template":"","meta":{"footnotes":""},"class_list":["post-107","page","type-page","status-publish","hentry"],"_links":{"self":[{"href":"https:\/\/sistemascanariosdecontrol.com\/index.php\/wp-json\/wp\/v2\/pages\/107","targetHints":{"allow":["GET"]}}],"collection":[{"href":"https:\/\/sistemascanariosdecontrol.com\/index.php\/wp-json\/wp\/v2\/pages"}],"about":[{"href":"https:\/\/sistemascanariosdecontrol.com\/index.php\/wp-json\/wp\/v2\/types\/page"}],"author":[{"embeddable":true,"href":"https:\/\/sistemascanariosdecontrol.com\/index.php\/wp-json\/wp\/v2\/users\/1"}],"replies":[{"embeddable":true,"href":"https:\/\/sistemascanariosdecontrol.com\/index.php\/wp-json\/wp\/v2\/comments?post=107"}],"version-history":[{"count":16,"href":"https:\/\/sistemascanariosdecontrol.com\/index.php\/wp-json\/wp\/v2\/pages\/107\/revisions"}],"predecessor-version":[{"id":137,"href":"https:\/\/sistemascanariosdecontrol.com\/index.php\/wp-json\/wp\/v2\/pages\/107\/revisions\/137"}],"wp:attachment":[{"href":"https:\/\/sistemascanariosdecontrol.com\/index.php\/wp-json\/wp\/v2\/media?parent=107"}],"curies":[{"name":"wp","href":"https:\/\/api.w.org\/{rel}","templated":true}]}}