{"id":157,"date":"2022-06-27T08:22:33","date_gmt":"2022-06-27T08:22:33","guid":{"rendered":"https:\/\/sistemascanariosdecontrol.com\/?page_id=157"},"modified":"2024-04-02T12:38:35","modified_gmt":"2024-04-02T12:38:35","slug":"transparencias","status":"publish","type":"page","link":"https:\/\/sistemascanariosdecontrol.com\/index.php\/transparencias\/","title":{"rendered":"TRANSPARENCIA"},"content":{"rendered":"\t\t<div data-elementor-type=\"wp-page\" data-elementor-id=\"157\" class=\"elementor elementor-157\" data-elementor-settings=\"[]\">\n\t\t\t\t\t\t\t<div class=\"elementor-section-wrap\">\n\t\t\t\t\t\t\t<section class=\"elementor-section elementor-top-section elementor-element elementor-element-67d9061 elementor-section-boxed elementor-section-height-default elementor-section-height-default\" data-id=\"67d9061\" data-element_type=\"section\">\n\t\t\t\t\t\t<div class=\"elementor-container elementor-column-gap-default\">\n\t\t\t\t\t<div class=\"elementor-column elementor-col-100 elementor-top-column elementor-element elementor-element-41f4eaf\" data-id=\"41f4eaf\" data-element_type=\"column\">\n\t\t\t<div class=\"elementor-widget-wrap elementor-element-populated\">\n\t\t\t\t\t\t\t\t<div class=\"elementor-element elementor-element-dc0132e elementor-widget elementor-widget-heading\" data-id=\"dc0132e\" data-element_type=\"widget\" data-widget_type=\"heading.default\">\n\t\t\t\t<div class=\"elementor-widget-container\">\n\t\t\t<h3 class=\"elementor-heading-title elementor-size-medium\"><b><u>Informaci\u00f3n actualizada a 21 de Marzo de 2024<\/u><\/b><\/h3>\t\t<\/div>\n\t\t\t\t<\/div>\n\t\t\t\t\t<\/div>\n\t\t<\/div>\n\t\t\t\t\t\t\t<\/div>\n\t\t<\/section>\n\t\t\t\t<section class=\"elementor-section elementor-top-section elementor-element elementor-element-0c50199 elementor-section-boxed elementor-section-height-default elementor-section-height-default\" data-id=\"0c50199\" data-element_type=\"section\">\n\t\t\t\t\t\t<div class=\"elementor-container elementor-column-gap-default\">\n\t\t\t\t\t<div class=\"elementor-column elementor-col-100 elementor-top-column elementor-element elementor-element-cb163f3\" data-id=\"cb163f3\" data-element_type=\"column\">\n\t\t\t<div class=\"elementor-widget-wrap elementor-element-populated\">\n\t\t\t\t\t\t\t\t<div class=\"elementor-element elementor-element-6dea215 elementor-widget elementor-widget-text-editor\" data-id=\"6dea215\" data-element_type=\"widget\" data-widget_type=\"text-editor.default\">\n\t\t\t\t<div class=\"elementor-widget-container\">\n\t\t\t\t\t\t\t\t<p>Uno de los valores principales de Sistemas Canarios de control es la transparencia, es por ello que publicamos informaci\u00f3n dando cumplimiento a la <a href=\"https:\/\/www.boe.es\/buscar\/act.php?id=BOE-A-2013-12887\">Ley estatal 19\/2013, de 9 de diciembre, de transparencia, acceso a la informaci\u00f3n p\u00fablica y buen gobierno<\/a>\u00a0y\u00a0a la<u>\u00a0<\/u><a href=\"https:\/\/www.boe.es\/buscar\/doc.php?id=BOE-A-2015-1114\">Ley canaria 12\/2014, de 26 de diciembre, de transparencia y de acceso a la informaci\u00f3n p\u00fablica<\/a>, la cual nos afecta seg\u00fan su art\u00edculo 3, por ser una entidad privada que percibe ayudas o subvenciones,\u00a0en una cuant\u00eda superior a 60.000 euros, con cargo a los Presupuestos de la Comunidad Aut\u00f3noma de Canarias, para la financiaci\u00f3n de sus actividades y funcionamiento ordinario.<\/p><p>Este compromiso con la transparencia est\u00e1 definido en nuestra Pol\u00edtica de Transparencia<a href=\"http:\/\/www.aprosu.com\/images\/download\/asociacion\/F11.PE.01-POLITICA-DE-TRANSPARENCIA.pdf\">,<\/a> actualizada y ratificada por la Direcci\u00f3n y Socios de la Sociedad y desarroll\u00e1ndose a trav\u00e9s de nuestro Proceso de Transparencia<u>,<\/u> y siendo anualmente analizada en nuestro informe de cumplimiento de la ley Canaria de Transparencia.<\/p><p>Adem\u00e1s, contamos con la evaluaci\u00f3n externa del Comisionado de Transparencia de Canarias (ver Anexo Informe de Transparencia)<\/p><p>Siguiendo las recomendaciones del <a href=\"https:\/\/transparenciacanarias.org\/\">Comisionado de Transparencia de Canarias<\/a><u>,<\/u><a href=\"https:\/\/sistemascanariosdecontrol.com\/wp-content\/uploads\/2022\/10\/Informe-TRANSPARENCIA-Sistemas-Canarios-completo.pdf\" target=\"_blank\" rel=\"noopener\"><span style=\"color: #000000;\"> a continuaci\u00f3n puede ver<\/span> nuestro Informe de Transparencia y Anexos<\/a>\u00a0seg\u00fan las categor\u00edas recomendadas por el Comisionado.<\/p><p style=\"text-align: center;\"><span style=\"text-decoration: underline;\"><strong><span style=\"color: #000080;\"><a style=\"color: #000080; text-decoration: underline;\" href=\"https:\/\/sistemascanariosdecontrol.com\/wp-content\/uploads\/2022\/10\/Informe-TRANSPARENCIA-Sistemas-Canarios-completo.pdf\" download=\"Informe TRANSPARENCIA Sistemas Canarios\">Haz clic aqu\u00ed para descargar el informe<\/a><\/span><\/strong><\/span><\/p>\t\t\t\t\t\t<\/div>\n\t\t\t\t<\/div>\n\t\t\t\t\t<\/div>\n\t\t<\/div>\n\t\t\t\t\t\t\t<\/div>\n\t\t<\/section>\n\t\t\t\t\t\t<\/div>\n\t\t\t\t\t<\/div>\n\t\t","protected":false},"excerpt":{"rendered":"<p>Informaci\u00f3n actualizada a 21 de Marzo de 2024 Uno de los valores principales de Sistemas Canarios de control es la transparencia, es por ello que publicamos informaci\u00f3n dando cumplimiento a la Ley estatal 19\/2013, de 9 de diciembre, de transparencia, acceso a la informaci\u00f3n p\u00fablica y buen gobierno\u00a0y\u00a0a la\u00a0Ley canaria 12\/2014, de 26 de diciembre,&hellip; <br \/> <a class=\"read-more\" href=\"https:\/\/sistemascanariosdecontrol.com\/index.php\/transparencias\/\">Leer m\u00e1s<\/a><\/p>\n","protected":false},"author":1,"featured_media":0,"parent":0,"menu_order":0,"comment_status":"closed","ping_status":"closed","template":"","meta":{"footnotes":""},"class_list":["post-157","page","type-page","status-publish","hentry"],"_links":{"self":[{"href":"https:\/\/sistemascanariosdecontrol.com\/index.php\/wp-json\/wp\/v2\/pages\/157","targetHints":{"allow":["GET"]}}],"collection":[{"href":"https:\/\/sistemascanariosdecontrol.com\/index.php\/wp-json\/wp\/v2\/pages"}],"about":[{"href":"https:\/\/sistemascanariosdecontrol.com\/index.php\/wp-json\/wp\/v2\/types\/page"}],"author":[{"embeddable":true,"href":"https:\/\/sistemascanariosdecontrol.com\/index.php\/wp-json\/wp\/v2\/users\/1"}],"replies":[{"embeddable":true,"href":"https:\/\/sistemascanariosdecontrol.com\/index.php\/wp-json\/wp\/v2\/comments?post=157"}],"version-history":[{"count":56,"href":"https:\/\/sistemascanariosdecontrol.com\/index.php\/wp-json\/wp\/v2\/pages\/157\/revisions"}],"predecessor-version":[{"id":222,"href":"https:\/\/sistemascanariosdecontrol.com\/index.php\/wp-json\/wp\/v2\/pages\/157\/revisions\/222"}],"wp:attachment":[{"href":"https:\/\/sistemascanariosdecontrol.com\/index.php\/wp-json\/wp\/v2\/media?parent=157"}],"curies":[{"name":"wp","href":"https:\/\/api.w.org\/{rel}","templated":true}]}}