{"id":224,"date":"2026-02-13T17:17:59","date_gmt":"2026-02-13T17:17:59","guid":{"rendered":"https:\/\/sistemascanariosdecontrol.com\/?page_id=224"},"modified":"2026-02-16T09:38:23","modified_gmt":"2026-02-16T09:38:23","slug":"aviso-legal","status":"publish","type":"page","link":"https:\/\/sistemascanariosdecontrol.com\/index.php\/aviso-legal\/","title":{"rendered":"Aviso Legal"},"content":{"rendered":"\t\t<div data-elementor-type=\"wp-page\" data-elementor-id=\"224\" class=\"elementor elementor-224\" data-elementor-settings=\"[]\">\n\t\t\t\t\t\t\t<div class=\"elementor-section-wrap\">\n\t\t\t\t\t\t\t<section class=\"elementor-section elementor-top-section elementor-element elementor-element-287eb33f elementor-section-boxed elementor-section-height-default elementor-section-height-default\" data-id=\"287eb33f\" data-element_type=\"section\">\n\t\t\t\t\t\t<div class=\"elementor-container elementor-column-gap-default\">\n\t\t\t\t\t<div class=\"elementor-column elementor-col-100 elementor-top-column elementor-element elementor-element-7dc27081\" data-id=\"7dc27081\" data-element_type=\"column\">\n\t\t\t<div class=\"elementor-widget-wrap elementor-element-populated\">\n\t\t\t\t\t\t\t\t<div class=\"elementor-element elementor-element-510cb92e elementor-widget elementor-widget-text-editor\" data-id=\"510cb92e\" data-element_type=\"widget\" data-widget_type=\"text-editor.default\">\n\t\t\t\t<div class=\"elementor-widget-container\">\n\t\t\t\t\t\t\t\t<p><!-- wp:paragraph --><\/p>\n<p>El titular de esta p\u00e1gina es SISTEMAS CANARIOS DE CONTROL SL. El domicilio de C\/ LA GARLOPA 30, AG\u00dcIMES (Las Palmas G.C \u2013 35118) tel\u00e9fono 928184315. El correo de contacto de SISTEMAS CANARIOS DE CONTROL SL es sistemascanarios@gmail.com. Si utiliza el contenido y\/o los servicios de esta p\u00e1gina se compromete a aceptar las siguientes condiciones de uso:<\/p>\n<p><!-- \/wp:paragraph --><!-- wp:paragraph --><\/p>\n<p>1. SISTEMAS CANARIOS DE CONTROL SL se reserva el derecho a modificar el contenido, la configuraci\u00f3n y la presentaci\u00f3n de esta p\u00e1gina web sin avisar. Esta p\u00e1gina podr\u00eda contener enlaces a otras p\u00e1ginas externas y, si es as\u00ed, SISTEMAS CANARIOS DECONTROL SL, no se hace responsable del contenido y la configuraci\u00f3n de tales p\u00e1ginas.<\/p>\n<p><!-- \/wp:paragraph --><!-- wp:paragraph --><\/p>\n<p><!-- \/wp:paragraph --><!-- wp:paragraph --><\/p>\n<p>2. Los textos, im\u00e1genes, logotipos y el resto de contenidos de esta web son propiedad de SISTEMAS CANARIOS DE CONTROL SL. Si no se indica lo contrario, no se puede transmitir, distribuir, reproducir o conservar los contenidos de esta p\u00e1gina sin el consentimiento de SISTEMAS CANARIOS DE CONTROL SL.<\/p>\n<p><!-- \/wp:paragraph --><!-- wp:paragraph --><\/p>\n<p><!-- \/wp:paragraph --><!-- wp:paragraph --><\/p>\n<p>3. SISTEMAS CANARIOS DE CONTROL SL no se hace responsable de los posibles da\u00f1os que se puedan producir por utilizar versiones no actualizadas de los navegadores, ni de las consecuencias que se derivan del mal funcionamiento de los navegadores por una configuraci\u00f3n inadecuada, por la presencia de virus inform\u00e1ticos o por cualquier otra causa.<\/p>\n<p><!-- \/wp:paragraph --><!-- wp:paragraph --><\/p>\n<p><!-- \/wp:paragraph --><!-- wp:paragraph --><\/p>\n<p>4. El presente Aviso Legal se rige por la ley espa\u00f1ola. Cualquier conflicto relacionado con el uso de esta p\u00e1gina ser\u00e1 competencia de los juzgados y tribunales espa\u00f1oles.<\/p>\n<p><!-- \/wp:paragraph --><\/p>\t\t\t\t\t\t<\/div>\n\t\t\t\t<\/div>\n\t\t\t\t\t<\/div>\n\t\t<\/div>\n\t\t\t\t\t\t\t<\/div>\n\t\t<\/section>\n\t\t\t\t\t\t<\/div>\n\t\t\t\t\t<\/div>\n\t\t","protected":false},"excerpt":{"rendered":"<p>El titular de esta p\u00e1gina es SISTEMAS CANARIOS DE CONTROL SL. El domicilio de C\/ LA GARLOPA 30, AG\u00dcIMES (Las Palmas G.C \u2013 35118) tel\u00e9fono 928184315. El correo de contacto de SISTEMAS CANARIOS DE CONTROL SL es sistemascanarios@gmail.com. Si utiliza el contenido y\/o los servicios de esta p\u00e1gina se compromete a aceptar las siguientes condiciones&hellip; <br \/> <a class=\"read-more\" href=\"https:\/\/sistemascanariosdecontrol.com\/index.php\/aviso-legal\/\">Leer m\u00e1s<\/a><\/p>\n","protected":false},"author":1,"featured_media":0,"parent":0,"menu_order":0,"comment_status":"closed","ping_status":"closed","template":"","meta":{"footnotes":""},"class_list":["post-224","page","type-page","status-publish","hentry"],"_links":{"self":[{"href":"https:\/\/sistemascanariosdecontrol.com\/index.php\/wp-json\/wp\/v2\/pages\/224","targetHints":{"allow":["GET"]}}],"collection":[{"href":"https:\/\/sistemascanariosdecontrol.com\/index.php\/wp-json\/wp\/v2\/pages"}],"about":[{"href":"https:\/\/sistemascanariosdecontrol.com\/index.php\/wp-json\/wp\/v2\/types\/page"}],"author":[{"embeddable":true,"href":"https:\/\/sistemascanariosdecontrol.com\/index.php\/wp-json\/wp\/v2\/users\/1"}],"replies":[{"embeddable":true,"href":"https:\/\/sistemascanariosdecontrol.com\/index.php\/wp-json\/wp\/v2\/comments?post=224"}],"version-history":[{"count":8,"href":"https:\/\/sistemascanariosdecontrol.com\/index.php\/wp-json\/wp\/v2\/pages\/224\/revisions"}],"predecessor-version":[{"id":239,"href":"https:\/\/sistemascanariosdecontrol.com\/index.php\/wp-json\/wp\/v2\/pages\/224\/revisions\/239"}],"wp:attachment":[{"href":"https:\/\/sistemascanariosdecontrol.com\/index.php\/wp-json\/wp\/v2\/media?parent=224"}],"curies":[{"name":"wp","href":"https:\/\/api.w.org\/{rel}","templated":true}]}}